{"id":5334,"date":"2025-10-01T22:16:23","date_gmt":"2025-10-01T20:16:23","guid":{"rendered":"https:\/\/lo2nowogard.edu.pl\/?page_id=5334"},"modified":"2025-11-12T15:59:37","modified_gmt":"2025-11-12T14:59:37","slug":"stolowka","status":"publish","type":"page","link":"https:\/\/lo2nowogard.edu.pl\/index.php\/stolowka\/","title":{"rendered":"Sto\u0142\u00f3wka"},"content":{"rendered":"\n<h2 class=\"wp-block-heading\"><strong>Bony obiadowe dla uczni\u00f3w i pracownik\u00f3w szko\u0142y mo\u017cna kupi\u0107 w sklepiku szkolnym (szatnia w budynku SP3).<\/strong><\/h2>\n\n\n\n<p><center><a href=\"http:\/\/lo2nowogard.edu.pl\/\">Strona II LO<\/a><\/center><\/p>\n\n\n\n<p><\/p>\n","protected":false},"excerpt":{"rendered":"<p>Bony obiadowe dla uczni\u00f3w i pracownik\u00f3w szko\u0142y mo\u017cna kupi\u0107 w sklepiku szkolnym (szatnia w budynku SP3). Strona II LO<\/p>\n","protected":false},"author":2,"featured_media":0,"parent":0,"menu_order":0,"comment_status":"closed","ping_status":"closed","template":"","meta":{"footnotes":""},"class_list":["post-5334","page","type-page","status-publish","hentry"],"acf":[],"_links":{"self":[{"href":"https:\/\/lo2nowogard.edu.pl\/index.php\/wp-json\/wp\/v2\/pages\/5334","targetHints":{"allow":["GET"]}}],"collection":[{"href":"https:\/\/lo2nowogard.edu.pl\/index.php\/wp-json\/wp\/v2\/pages"}],"about":[{"href":"https:\/\/lo2nowogard.edu.pl\/index.php\/wp-json\/wp\/v2\/types\/page"}],"author":[{"embeddable":true,"href":"https:\/\/lo2nowogard.edu.pl\/index.php\/wp-json\/wp\/v2\/users\/2"}],"replies":[{"embeddable":true,"href":"https:\/\/lo2nowogard.edu.pl\/index.php\/wp-json\/wp\/v2\/comments?post=5334"}],"version-history":[{"count":5,"href":"https:\/\/lo2nowogard.edu.pl\/index.php\/wp-json\/wp\/v2\/pages\/5334\/revisions"}],"predecessor-version":[{"id":5507,"href":"https:\/\/lo2nowogard.edu.pl\/index.php\/wp-json\/wp\/v2\/pages\/5334\/revisions\/5507"}],"wp:attachment":[{"href":"https:\/\/lo2nowogard.edu.pl\/index.php\/wp-json\/wp\/v2\/media?parent=5334"}],"curies":[{"name":"wp","href":"https:\/\/api.w.org\/{rel}","templated":true}]}}