{"id":1732,"date":"2023-11-01T21:19:12","date_gmt":"2023-11-01T20:19:12","guid":{"rendered":"http:\/\/hosting2398552.online.pro\/autoinstalator\/wordpress\/?page_id=1732"},"modified":"2026-05-07T15:46:47","modified_gmt":"2026-05-07T13:46:47","slug":"wazne-terminy","status":"publish","type":"page","link":"https:\/\/lo2nowogard.edu.pl\/index.php\/wazne-terminy\/","title":{"rendered":"Wa\u017cne terminy"},"content":{"rendered":"\t\t<div data-elementor-type=\"wp-page\" data-elementor-id=\"1732\" class=\"elementor elementor-1732\" data-elementor-post-type=\"page\">\n\t\t\t\t<div class=\"elementor-element elementor-element-50fc510 e-flex e-con-boxed e-con e-parent\" data-id=\"50fc510\" data-element_type=\"container\">\n\t\t\t\t\t<div class=\"e-con-inner\">\n\t\t\t\t<div class=\"elementor-element elementor-element-bdf3cb7 elementor-widget elementor-widget-image\" data-id=\"bdf3cb7\" data-element_type=\"widget\" data-widget_type=\"image.default\">\n\t\t\t\t<div class=\"elementor-widget-container\">\n\t\t\t<style>\/*! elementor - v3.23.0 - 05-08-2024 *\/\n.elementor-widget-image{text-align:center}.elementor-widget-image a{display:inline-block}.elementor-widget-image a img[src$=\".svg\"]{width:48px}.elementor-widget-image img{vertical-align:middle;display:inline-block}<\/style>\t\t\t\t\t\t\t\t\t\t<img decoding=\"async\" src=\"https:\/\/lo2nowogard.edu.pl\/wp-content\/uploads\/2024\/01\/30lat2LO.jpg\" title=\"30lat2LO\" alt=\"30lat2LO\" loading=\"lazy\" \/>\t\t\t\t\t\t\t\t\t\t\t\t\t<\/div>\n\t\t\t\t<\/div>\n\t\t<div class=\"elementor-element elementor-element-c921382 e-flex e-con-boxed e-con e-child\" data-id=\"c921382\" data-element_type=\"container\">\n\t\t\t\t\t<div class=\"e-con-inner\">\n\t\t\t\t<div class=\"elementor-element elementor-element-ef2e5ae elementor-widget elementor-widget-text-editor\" data-id=\"ef2e5ae\" data-element_type=\"widget\" data-widget_type=\"text-editor.default\">\n\t\t\t\t<div class=\"elementor-widget-container\">\n\t\t\t<style>\/*! elementor - v3.23.0 - 05-08-2024 *\/\n.elementor-widget-text-editor.elementor-drop-cap-view-stacked .elementor-drop-cap{background-color:#69727d;color:#fff}.elementor-widget-text-editor.elementor-drop-cap-view-framed .elementor-drop-cap{color:#69727d;border:3px solid;background-color:transparent}.elementor-widget-text-editor:not(.elementor-drop-cap-view-default) .elementor-drop-cap{margin-top:8px}.elementor-widget-text-editor:not(.elementor-drop-cap-view-default) .elementor-drop-cap-letter{width:1em;height:1em}.elementor-widget-text-editor .elementor-drop-cap{float:left;text-align:center;line-height:1;font-size:50px}.elementor-widget-text-editor .elementor-drop-cap-letter{display:inline-block}<\/style>\t\t\t\t<h2>Wa\u017cne terminy w roku 2025\/2026<\/h2><table border=\"1\" align=\"center\"><tbody><tr><th width=\"20%\">Data<\/th><td width=\"439\">\u00a0<\/td><\/tr><!--<\/p>\n<tr>\n<th>09.09.2025<\/th>\n<td>\u00a0Zebrania z rodzicami.<\/td>\n<\/tr>\n<tr>\n<th>14.10.2025<\/th>\n<td>\u00a0\u015awi\u0119to KEN.<\/td>\n<\/tr>\n<tr>\n<th>10.11.2025<\/th>\n<td>\u00a0Dodatkowy dzie\u0144 wolny.<\/td>\n<\/tr>\n<tr>\n<th>11.11.2025<\/th>\n<td>\u00a0\u015awi\u0119to.<\/td>\n<\/tr>\n<tr>\n<th>12.11.2025<\/th>\n<td>\u00a0Dodatkowy dzie\u0144 wolny.<\/td>\n<\/tr>\n<tr>\n<th>09.12.2025<\/th>\n<td>\u00a0Zebranie otwarte dla rodzic\u00f3w - propozycje ocen.<\/td>\n<\/tr>\n<tr>\n<th>22.12.2025<br \/>\ndo<br \/>\n31.12.2025<\/th>\n<td>\u00a0Zimowa przerwa \u015bwi\u0105teczna.<\/td>\n<\/tr>\n<tr>\n<th>1.01.2026<\/th>\n<td>\u00a0\u015awi\u0119to<\/td>\n<\/tr>\n<tr>\n<th>2.01.2026<\/th>\n<td>\u00a0Dodatkowy dzie\u0144 wolny.<\/td>\n<\/tr>\n<tr>\n<th>5.01.2026<\/th>\n<td>\u00a0Dodatkowy dzie\u0144 wolny.<\/td>\n<\/tr>\n<tr>\n<th>14.01.2026<\/th>\n<td>\u00a0Wystawienie ocen za I p\u00f3\u0142rocze.<\/td>\n<\/tr>\n<tr>\n<th>15.01.2026<\/th>\n<td>\u00a0Koniec pierwszego p\u00f3\u0142rocza.<\/td>\n<\/tr>\n<p>--><tr><th>2.02.2026<br \/>do<br \/>15.02.2026<\/th><td>\u00a0Ferie zimowe.<\/td><\/tr><!--<\/p>\n<tr>\n<th> 9.02.2026<\/th>\n<td> &nbsp;Studni\u00f3wka<\/td>\n<\/tr>\n<p>--><tr><th>10.03.2026<\/th><td><ul><li>\u00a0Zebranie otwarte dla rodzic\u00f3w uczni\u00f3w klas IV,<\/li><li>informacyjne dla rodzic\u00f3w uczni\u00f3w klas I, II i III.<\/li><\/ul><\/td><\/tr><tr><th>02.04.2026<br \/>do<br \/>07.04.2026<\/th><td>\u00a0Wiosenna przerwa \u015bwiateczna.<\/td><\/tr><tr><th>15.04.2026<\/th><td>\u00a0Wystawienie ocen dla klas IV.<\/td><\/tr><tr><th>24.04.2026<\/th><td>\u00a0Zako\u0144czenie zaj\u0119\u0107 dla klas IV.<\/td><\/tr><tr><th>1.05.2026<\/th><td>\u00a0\u015awi\u0119to<\/td><\/tr><tr><th>4.05.2026<br \/>do<br \/>8.05.2026<\/th><td>\u00a0Dodatkowy dzie\u0144 wolny od zaj\u0119\u0107 edukacyjnych klasy I-III,<br \/>Matura<\/td><\/tr><tr><th>14.05.2026<\/th><td>\u00a0Zebranie z rodzicami &#8211; otwarte dla rodzic\u00f3w.<\/td><\/tr><tr><th>04.06.2026<\/th><td>\u00a0\u015awi\u0119to<\/td><\/tr><tr><th>5.06.2026<\/th><td>\u00a0Dodatkowy dzie\u0144 wolny od zaj\u0119\u0107 edukacyjnych.<\/td><\/tr><tr><th>17.06.2026<\/th><td>\u00a0Wystawienie ocen klasy I-III.<\/td><\/tr><tr><th>26.06.2026<\/th><td>\u00a0Zako\u0144czenie roku szkolnego.<\/td><\/tr><tr><th>8.07.2026<\/th><td>\u00a0Wyniki matury.<\/td><\/tr><\/tbody><\/table>\t\t\t\t\t\t<\/div>\n\t\t\t\t<\/div>\n\t\t\t\t\t<\/div>\n\t\t\t\t<\/div>\n\t\t\t\t\t<\/div>\n\t\t\t\t<\/div>\n\t\t\t\t<section class=\"elementor-section elementor-top-section elementor-element elementor-element-bfc9f70 elementor-section-stretched elementor-section-boxed elementor-section-height-default elementor-section-height-default\" data-id=\"bfc9f70\" data-element_type=\"section\" data-settings=\"{&quot;background_background&quot;:&quot;classic&quot;,&quot;stretch_section&quot;:&quot;section-stretched&quot;}\">\n\t\t\t\t\t\t<div class=\"elementor-container elementor-column-gap-default\">\n\t\t\t\t\t<div class=\"elementor-column elementor-col-100 elementor-top-column elementor-element elementor-element-e8d9540\" data-id=\"e8d9540\" data-element_type=\"column\">\n\t\t\t<div class=\"elementor-widget-wrap elementor-element-populated\">\n\t\t\t\t\t\t<div class=\"elementor-element elementor-element-adb80e8 the-title-center elementor-widget elementor-widget-sakola-head-title\" data-id=\"adb80e8\" data-element_type=\"widget\" data-widget_type=\"sakola-head-title.default\">\n\t\t\t\t<div class=\"elementor-widget-container\">\n\t\t\t\r\n<div class=\"head-title head-title-1 text-center bg-image clearfix\">\r\n\t<h2 class=\"the-title\">\r\n\t\tPrzydatne Linki\t<\/h2>\r\n\r\n\t<\/div>\r\n\t\t\t\t<\/div>\n\t\t\t\t<\/div>\n\t\t\t\t<div class=\"elementor-element elementor-element-c3089ea elementor-widget-divider--view-line elementor-widget elementor-widget-divider\" data-id=\"c3089ea\" data-element_type=\"widget\" data-widget_type=\"divider.default\">\n\t\t\t\t<div class=\"elementor-widget-container\">\n\t\t\t<style>\/*! elementor - v3.23.0 - 05-08-2024 *\/\n.elementor-widget-divider{--divider-border-style:none;--divider-border-width:1px;--divider-color:#0c0d0e;--divider-icon-size:20px;--divider-element-spacing:10px;--divider-pattern-height:24px;--divider-pattern-size:20px;--divider-pattern-url:none;--divider-pattern-repeat:repeat-x}.elementor-widget-divider .elementor-divider{display:flex}.elementor-widget-divider .elementor-divider__text{font-size:15px;line-height:1;max-width:95%}.elementor-widget-divider .elementor-divider__element{margin:0 var(--divider-element-spacing);flex-shrink:0}.elementor-widget-divider .elementor-icon{font-size:var(--divider-icon-size)}.elementor-widget-divider .elementor-divider-separator{display:flex;margin:0;direction:ltr}.elementor-widget-divider--view-line_icon .elementor-divider-separator,.elementor-widget-divider--view-line_text .elementor-divider-separator{align-items:center}.elementor-widget-divider--view-line_icon .elementor-divider-separator:after,.elementor-widget-divider--view-line_icon .elementor-divider-separator:before,.elementor-widget-divider--view-line_text .elementor-divider-separator:after,.elementor-widget-divider--view-line_text .elementor-divider-separator:before{display:block;content:\"\";border-block-end:0;flex-grow:1;border-block-start:var(--divider-border-width) var(--divider-border-style) var(--divider-color)}.elementor-widget-divider--element-align-left .elementor-divider .elementor-divider-separator>.elementor-divider__svg:first-of-type{flex-grow:0;flex-shrink:100}.elementor-widget-divider--element-align-left .elementor-divider-separator:before{content:none}.elementor-widget-divider--element-align-left .elementor-divider__element{margin-left:0}.elementor-widget-divider--element-align-right .elementor-divider .elementor-divider-separator>.elementor-divider__svg:last-of-type{flex-grow:0;flex-shrink:100}.elementor-widget-divider--element-align-right .elementor-divider-separator:after{content:none}.elementor-widget-divider--element-align-right .elementor-divider__element{margin-right:0}.elementor-widget-divider--element-align-start .elementor-divider .elementor-divider-separator>.elementor-divider__svg:first-of-type{flex-grow:0;flex-shrink:100}.elementor-widget-divider--element-align-start .elementor-divider-separator:before{content:none}.elementor-widget-divider--element-align-start .elementor-divider__element{margin-inline-start:0}.elementor-widget-divider--element-align-end .elementor-divider .elementor-divider-separator>.elementor-divider__svg:last-of-type{flex-grow:0;flex-shrink:100}.elementor-widget-divider--element-align-end .elementor-divider-separator:after{content:none}.elementor-widget-divider--element-align-end .elementor-divider__element{margin-inline-end:0}.elementor-widget-divider:not(.elementor-widget-divider--view-line_text):not(.elementor-widget-divider--view-line_icon) .elementor-divider-separator{border-block-start:var(--divider-border-width) var(--divider-border-style) var(--divider-color)}.elementor-widget-divider--separator-type-pattern{--divider-border-style:none}.elementor-widget-divider--separator-type-pattern.elementor-widget-divider--view-line .elementor-divider-separator,.elementor-widget-divider--separator-type-pattern:not(.elementor-widget-divider--view-line) .elementor-divider-separator:after,.elementor-widget-divider--separator-type-pattern:not(.elementor-widget-divider--view-line) .elementor-divider-separator:before,.elementor-widget-divider--separator-type-pattern:not([class*=elementor-widget-divider--view]) .elementor-divider-separator{width:100%;min-height:var(--divider-pattern-height);-webkit-mask-size:var(--divider-pattern-size) 100%;mask-size:var(--divider-pattern-size) 100%;-webkit-mask-repeat:var(--divider-pattern-repeat);mask-repeat:var(--divider-pattern-repeat);background-color:var(--divider-color);-webkit-mask-image:var(--divider-pattern-url);mask-image:var(--divider-pattern-url)}.elementor-widget-divider--no-spacing{--divider-pattern-size:auto}.elementor-widget-divider--bg-round{--divider-pattern-repeat:round}.rtl .elementor-widget-divider .elementor-divider__text{direction:rtl}.e-con-inner>.elementor-widget-divider,.e-con>.elementor-widget-divider{width:var(--container-widget-width,100%);--flex-grow:var(--container-widget-flex-grow)}<\/style>\t\t<div class=\"elementor-divider\">\n\t\t\t<span class=\"elementor-divider-separator\">\n\t\t\t\t\t\t<\/span>\n\t\t<\/div>\n\t\t\t\t<\/div>\n\t\t\t\t<\/div>\n\t\t\t\t<div class=\"elementor-element elementor-element-de97f60 elementor-align-center elementor-mobile-align-center elementor-tablet-align-center elementor-widget__width-initial elementor-invisible elementor-widget elementor-widget-button\" data-id=\"de97f60\" data-element_type=\"widget\" data-settings=\"{&quot;_animation&quot;:&quot;fadeIn&quot;}\" data-widget_type=\"button.default\">\n\t\t\t\t<div class=\"elementor-widget-container\">\n\t\t\t\t\t<div class=\"elementor-button-wrapper\">\n\t\t\t<a class=\"elementor-button elementor-button-link elementor-size-md elementor-animation-sink\" href=\"http:\/\/plan.lo2nowogard.edu.pl\">\n\t\t\t\t\t\t<span class=\"elementor-button-content-wrapper\">\n\t\t\t\t\t\t\t\t\t<span class=\"elementor-button-text\">Plan lekcji<\/span>\n\t\t\t\t\t<\/span>\n\t\t\t\t\t<\/a>\n\t\t<\/div>\n\t\t\t\t<\/div>\n\t\t\t\t<\/div>\n\t\t\t\t<div class=\"elementor-element elementor-element-b22e214 elementor-align-center elementor-mobile-align-center elementor-tablet-align-center elementor-widget__width-initial elementor-invisible elementor-widget elementor-widget-button\" data-id=\"b22e214\" data-element_type=\"widget\" data-settings=\"{&quot;_animation&quot;:&quot;fadeIn&quot;}\" data-widget_type=\"button.default\">\n\t\t\t\t<div class=\"elementor-widget-container\">\n\t\t\t\t\t<div class=\"elementor-button-wrapper\">\n\t\t\t<a class=\"elementor-button elementor-button-link elementor-size-md elementor-animation-sink\" href=\"https:\/\/uonetplus.vulcan.net.pl\/nowogard\/\">\n\t\t\t\t\t\t<span class=\"elementor-button-content-wrapper\">\n\t\t\t\t\t\t\t\t\t<span class=\"elementor-button-text\">E - Dziennik<\/span>\n\t\t\t\t\t<\/span>\n\t\t\t\t\t<\/a>\n\t\t<\/div>\n\t\t\t\t<\/div>\n\t\t\t\t<\/div>\n\t\t\t\t<div class=\"elementor-element elementor-element-d1ee1cd elementor-align-center elementor-mobile-align-center elementor-tablet-align-center elementor-widget__width-initial elementor-invisible elementor-widget elementor-widget-button\" data-id=\"d1ee1cd\" data-element_type=\"widget\" data-settings=\"{&quot;_animation&quot;:&quot;fadeIn&quot;}\" data-widget_type=\"button.default\">\n\t\t\t\t<div class=\"elementor-widget-container\">\n\t\t\t\t\t<div class=\"elementor-button-wrapper\">\n\t\t\t<a class=\"elementor-button elementor-button-link elementor-size-md elementor-animation-sink\" href=\"https:\/\/login.microsoftonline.com\/?whr=lo2nowogard.edu.pl\">\n\t\t\t\t\t\t<span class=\"elementor-button-content-wrapper\">\n\t\t\t\t\t\t\t\t\t<span class=\"elementor-button-text\">Logowanie Poczta<\/span>\n\t\t\t\t\t<\/span>\n\t\t\t\t\t<\/a>\n\t\t<\/div>\n\t\t\t\t<\/div>\n\t\t\t\t<\/div>\n\t\t\t\t\t<\/div>\n\t\t<\/div>\n\t\t\t\t\t<\/div>\n\t\t<\/section>\n\t\t\t\t<section class=\"elementor-section elementor-top-section elementor-element elementor-element-e6bb1d3 elementor-section-stretched elementor-section-boxed elementor-section-height-default elementor-section-height-default\" data-id=\"e6bb1d3\" data-element_type=\"section\" data-settings=\"{&quot;background_background&quot;:&quot;classic&quot;,&quot;stretch_section&quot;:&quot;section-stretched&quot;}\">\n\t\t\t\t\t\t<div class=\"elementor-container elementor-column-gap-default\">\n\t\t\t\t\t<div class=\"elementor-column elementor-col-100 elementor-top-column elementor-element elementor-element-930aa26\" data-id=\"930aa26\" data-element_type=\"column\">\n\t\t\t<div class=\"elementor-widget-wrap elementor-element-populated\">\n\t\t\t\t\t\t<div class=\"elementor-element elementor-element-02918ca the-title-center the-title-left elementor-invisible elementor-widget elementor-widget-sakola-head-title\" data-id=\"02918ca\" data-element_type=\"widget\" data-settings=\"{&quot;_animation&quot;:&quot;fadeInDown&quot;}\" data-widget_type=\"sakola-head-title.default\">\n\t\t\t\t<div class=\"elementor-widget-container\">\n\t\t\t<div class=\"head-title head-title-2 text-center clearfix\">\r\n\t<h2 class=\"the-title\">\r\n\t\t\t\tPozosta\u0142e Linki\t<\/h2>\r\n<\/div>\r\n\t\t\t\t<\/div>\n\t\t\t\t<\/div>\n\t\t\t\t<div class=\"elementor-element elementor-element-a010fe9 elementor-widget-divider--view-line elementor-invisible elementor-widget elementor-widget-divider\" data-id=\"a010fe9\" data-element_type=\"widget\" data-settings=\"{&quot;_animation&quot;:&quot;fadeInUp&quot;}\" data-widget_type=\"divider.default\">\n\t\t\t\t<div class=\"elementor-widget-container\">\n\t\t\t\t\t<div class=\"elementor-divider\">\n\t\t\t<span class=\"elementor-divider-separator\">\n\t\t\t\t\t\t<\/span>\n\t\t<\/div>\n\t\t\t\t<\/div>\n\t\t\t\t<\/div>\n\t\t\t\t<div class=\"elementor-element elementor-element-ab3a84b elementor-widget__width-inherit elementor-widget elementor-widget-wp-widget-nav_menu\" data-id=\"ab3a84b\" data-element_type=\"widget\" data-widget_type=\"wp-widget-nav_menu.default\">\n\t\t\t\t<div class=\"elementor-widget-container\">\n\t\t\t<div class=\"menu-dodatkowe-odnosniki-container\"><ul id=\"menu-dodatkowe-odnosniki\" class=\"menu\"><li id=\"menu-item-5572\" class=\"menu-item menu-item-type-custom menu-item-object-custom menu-item-home menu-item-5572\"><a class=\"menu__link\" href=\"https:\/\/lo2nowogard.edu.pl\/\">II Liceum<\/a><\/li>\n<li id=\"menu-item-5568\" class=\"menu-item menu-item-type-post_type menu-item-object-page menu-item-has-children menu-item-5568\"><a class=\"menu__link\" href=\"https:\/\/lo2nowogard.edu.pl\/index.php\/news\/\">Z \u017cycia szko\u0142y!<\/a>\n<ul class=\"sub-menu\">\n\t<li id=\"menu-item-5557\" class=\"menu-item menu-item-type-post_type menu-item-object-page menu-item-5557\"><a class=\"menu__link\" href=\"https:\/\/lo2nowogard.edu.pl\/index.php\/wazne-terminy\/\">Wa\u017cne terminy<\/a><\/li>\n\t<li id=\"menu-item-5558\" class=\"menu-item menu-item-type-post_type menu-item-object-page menu-item-5558\"><a class=\"menu__link\" href=\"https:\/\/lo2nowogard.edu.pl\/index.php\/terminy-zebran-z-rodzicami\/\">Terminy zebra\u0144 z rodzicami<\/a><\/li>\n\t<li id=\"menu-item-5565\" class=\"menu-item menu-item-type-post_type menu-item-object-page menu-item-5565\"><a class=\"menu__link\" href=\"https:\/\/lo2nowogard.edu.pl\/index.php\/podreczniki\/\">Podr\u0119czniki<\/a><\/li>\n\t<li id=\"menu-item-5567\" class=\"menu-item menu-item-type-post_type menu-item-object-page menu-item-5567\"><a class=\"menu__link\" href=\"https:\/\/lo2nowogard.edu.pl\/index.php\/e-szkola\/\">e-Szko\u0142a<\/a><\/li>\n\t<li id=\"menu-item-5570\" class=\"menu-item menu-item-type-post_type menu-item-object-page menu-item-5570\"><a class=\"menu__link\" href=\"https:\/\/lo2nowogard.edu.pl\/index.php\/czytelnia-i-biblioteka\/\">Czytelnia i biblioteka<\/a><\/li>\n\t<li id=\"menu-item-5566\" class=\"menu-item menu-item-type-post_type menu-item-object-page menu-item-5566\"><a class=\"menu__link\" href=\"https:\/\/lo2nowogard.edu.pl\/index.php\/ranking-szkol\/\">Ranking Szk\u00f3\u0142<\/a><\/li>\n\t<li id=\"menu-item-5564\" class=\"menu-item menu-item-type-custom menu-item-object-custom menu-item-5564\"><a class=\"menu__link\" href=\"https:\/\/lo2nowogard.edu.pl\/wp-content\/uploads\/2023\/11\/Rok_22_23_link.pdf\">Rok szkolny 2022\/23<\/a><\/li>\n\t<li id=\"menu-item-5562\" class=\"menu-item menu-item-type-custom menu-item-object-custom menu-item-5562\"><a class=\"menu__link\" href=\"https:\/\/lo2nowogard.edu.pl\/wp-content\/uploads\/2025\/11\/Rok_2023_24.pdf\">Rok szkolny 2023\/24<\/a><\/li>\n\t<li id=\"menu-item-5563\" class=\"menu-item menu-item-type-custom menu-item-object-custom menu-item-5563\"><a class=\"menu__link\" href=\"https:\/\/lo2nowogard.edu.pl\/wp-content\/uploads\/2025\/11\/Rok_2024_25.pdf\">Rok szkolny 2024\/25<\/a><\/li>\n<\/ul>\n<\/li>\n<li id=\"menu-item-5556\" class=\"menu-item menu-item-type-post_type menu-item-object-page menu-item-5556\"><a class=\"menu__link\" href=\"https:\/\/lo2nowogard.edu.pl\/index.php\/about\/\">Dokumenty<\/a><\/li>\n<li id=\"menu-item-6322\" class=\"menu-item menu-item-type-post_type menu-item-object-page menu-item-6322\"><a class=\"menu__link\" href=\"https:\/\/lo2nowogard.edu.pl\/index.php\/rekrutacja-2024\/\">Rekrutacja 2026<\/a><\/li>\n<li id=\"menu-item-5553\" class=\"menu-item menu-item-type-post_type menu-item-object-page menu-item-5553\"><a class=\"menu__link\" href=\"https:\/\/lo2nowogard.edu.pl\/index.php\/rodo\/\">RODO<\/a><\/li>\n<li id=\"menu-item-5571\" class=\"menu-item menu-item-type-post_type menu-item-object-page menu-item-5571\"><a class=\"menu__link\" href=\"https:\/\/lo2nowogard.edu.pl\/index.php\/orlik\/\">Orlik<\/a><\/li>\n<li id=\"menu-item-5569\" class=\"menu-item menu-item-type-post_type menu-item-object-page menu-item-5569\"><a class=\"menu__link\" href=\"https:\/\/lo2nowogard.edu.pl\/index.php\/sample-page\/\">Wsp\u00f3\u0142praca<\/a><\/li>\n<li id=\"menu-item-5555\" class=\"menu-item menu-item-type-post_type menu-item-object-page menu-item-5555\"><a class=\"menu__link\" href=\"https:\/\/lo2nowogard.edu.pl\/index.php\/na-stronie-unity-line\/\">Na stronie Unity Line<\/a><\/li>\n<li id=\"menu-item-5554\" class=\"menu-item menu-item-type-post_type menu-item-object-page menu-item-5554\"><a class=\"menu__link\" href=\"https:\/\/lo2nowogard.edu.pl\/index.php\/contact\/\">Kontakt<\/a><\/li>\n<\/ul><\/div>\t\t<\/div>\n\t\t\t\t<\/div>\n\t\t\t\t\t<\/div>\n\t\t<\/div>\n\t\t\t\t\t<\/div>\n\t\t<\/section>\n\t\t\t\t<\/div>\n\t\t","protected":false},"excerpt":{"rendered":"<p>Wa\u017cne terminy w roku 2025\/2026 Data \u00a0 2.02.2026do15.02.2026 \u00a0Ferie zimowe. 10.03.2026 \u00a0Zebranie otwarte dla rodzic\u00f3w uczni\u00f3w klas IV, informacyjne dla rodzic\u00f3w uczni\u00f3w klas I, II i III. 02.04.2026do07.04.2026 \u00a0Wiosenna przerwa \u015bwiateczna. 15.04.2026 \u00a0Wystawienie ocen dla klas IV. 24.04.2026 \u00a0Zako\u0144czenie zaj\u0119\u0107&#8230;<\/p>\n","protected":false},"author":1,"featured_media":0,"parent":0,"menu_order":0,"comment_status":"closed","ping_status":"closed","template":"","meta":{"footnotes":""},"class_list":["post-1732","page","type-page","status-publish","hentry"],"acf":[],"_links":{"self":[{"href":"https:\/\/lo2nowogard.edu.pl\/index.php\/wp-json\/wp\/v2\/pages\/1732","targetHints":{"allow":["GET"]}}],"collection":[{"href":"https:\/\/lo2nowogard.edu.pl\/index.php\/wp-json\/wp\/v2\/pages"}],"about":[{"href":"https:\/\/lo2nowogard.edu.pl\/index.php\/wp-json\/wp\/v2\/types\/page"}],"author":[{"embeddable":true,"href":"https:\/\/lo2nowogard.edu.pl\/index.php\/wp-json\/wp\/v2\/users\/1"}],"replies":[{"embeddable":true,"href":"https:\/\/lo2nowogard.edu.pl\/index.php\/wp-json\/wp\/v2\/comments?post=1732"}],"version-history":[{"count":43,"href":"https:\/\/lo2nowogard.edu.pl\/index.php\/wp-json\/wp\/v2\/pages\/1732\/revisions"}],"predecessor-version":[{"id":6437,"href":"https:\/\/lo2nowogard.edu.pl\/index.php\/wp-json\/wp\/v2\/pages\/1732\/revisions\/6437"}],"wp:attachment":[{"href":"https:\/\/lo2nowogard.edu.pl\/index.php\/wp-json\/wp\/v2\/media?parent=1732"}],"curies":[{"name":"wp","href":"https:\/\/api.w.org\/{rel}","templated":true}]}}