{"id":10,"date":"2023-11-01T15:24:52","date_gmt":"2023-11-01T14:24:52","guid":{"rendered":"http:\/\/hosting2398552.online.pro\/autoinstalator\/wordpress\/?page_id=10"},"modified":"2026-02-28T21:51:54","modified_gmt":"2026-02-28T20:51:54","slug":"orlik","status":"publish","type":"page","link":"https:\/\/lo2nowogard.edu.pl\/index.php\/orlik\/","title":{"rendered":"Orlik"},"content":{"rendered":"\t\t<div data-elementor-type=\"wp-page\" data-elementor-id=\"10\" class=\"elementor elementor-10\" data-elementor-post-type=\"page\">\n\t\t\t\t<div class=\"elementor-element elementor-element-50fc510 e-flex e-con-boxed e-con e-parent\" data-id=\"50fc510\" data-element_type=\"container\">\n\t\t\t\t\t<div class=\"e-con-inner\">\n\t\t\t\t<div class=\"elementor-element elementor-element-bdf3cb7 elementor-widget elementor-widget-image\" data-id=\"bdf3cb7\" data-element_type=\"widget\" data-widget_type=\"image.default\">\n\t\t\t\t<div class=\"elementor-widget-container\">\n\t\t\t<style>\/*! elementor - v3.23.0 - 05-08-2024 *\/\n.elementor-widget-image{text-align:center}.elementor-widget-image a{display:inline-block}.elementor-widget-image a img[src$=\".svg\"]{width:48px}.elementor-widget-image img{vertical-align:middle;display:inline-block}<\/style>\t\t\t\t\t\t\t\t\t\t<img decoding=\"async\" src=\"https:\/\/lo2nowogard.edu.pl\/wp-content\/uploads\/2024\/01\/30lat2LO.jpg\" title=\"30lat2LO\" alt=\"30lat2LO\" loading=\"lazy\" \/>\t\t\t\t\t\t\t\t\t\t\t\t\t<\/div>\n\t\t\t\t<\/div>\n\t\t<div class=\"elementor-element elementor-element-c921382 e-flex e-con-boxed e-con e-child\" data-id=\"c921382\" data-element_type=\"container\">\n\t\t\t\t\t<div class=\"e-con-inner\">\n\t\t<div class=\"elementor-element elementor-element-80d17de e-con-full e-flex e-con e-child\" data-id=\"80d17de\" data-element_type=\"container\">\n\t\t\t\t<div class=\"elementor-element elementor-element-f8b829d elementor-widget elementor-widget-text-editor\" data-id=\"f8b829d\" data-element_type=\"widget\" data-widget_type=\"text-editor.default\">\n\t\t\t\t<div class=\"elementor-widget-container\">\n\t\t\t<style>\/*! elementor - v3.23.0 - 05-08-2024 *\/\n.elementor-widget-text-editor.elementor-drop-cap-view-stacked .elementor-drop-cap{background-color:#69727d;color:#fff}.elementor-widget-text-editor.elementor-drop-cap-view-framed .elementor-drop-cap{color:#69727d;border:3px solid;background-color:transparent}.elementor-widget-text-editor:not(.elementor-drop-cap-view-default) .elementor-drop-cap{margin-top:8px}.elementor-widget-text-editor:not(.elementor-drop-cap-view-default) .elementor-drop-cap-letter{width:1em;height:1em}.elementor-widget-text-editor .elementor-drop-cap{float:left;text-align:center;line-height:1;font-size:50px}.elementor-widget-text-editor .elementor-drop-cap-letter{display:inline-block}<\/style>\t\t\t\t\n<div><\/div>\n<div class=\"wp-block-button aligncenter\"><a class=\"wp-block-button__link\" href=\"https:\/\/lo2nowogard.edu.pl\/wp-content\/uploads\/2023\/11\/Orlik_lato-1.pdf\" target=\"blanck\">Boisko \u2013 regulamin\u00a0 <\/a>\u00a0\u00a0<a class=\"wp-block-button__link\" href=\"https:\/\/lo2nowogard.edu.pl\/wp-content\/uploads\/2023\/11\/Regulamin-biezni.pdf\" target=\"blanck\">Bie\u017cnia \u2013 regulamin <\/a>\u00a0\u00a0<a class=\"wp-block-button__link\" href=\"https:\/\/lo2nowogard.edu.pl\/wp-content\/uploads\/2023\/11\/Orlik_zima-1.pdf\" target=\"blanck\">Bia\u0142y Orlik \u2013 regulamin<\/a><\/div>\t\t\t\t\t\t<\/div>\n\t\t\t\t<\/div>\n\t\t\t\t<\/div>\n\t\t\t\t<div class=\"elementor-element elementor-element-ef2e5ae elementor-widget elementor-widget-text-editor\" data-id=\"ef2e5ae\" data-element_type=\"widget\" data-widget_type=\"text-editor.default\">\n\t\t\t\t<div class=\"elementor-widget-container\">\n\t\t\t\t\t\t\t<h3><\/h3>\n<center>Godziny otwarcia\n<b>\u201eBia\u0142ego Orlika\u201d<\/b> (lodowiska)\nw Nowogardzie<\/center>\n\n<hr \/>\n\n<center><strong>od 1 marca 2026.<\/strong><\/center>\n<table border=\"1\" width=\"297\">\n<tbody>\n<tr>\n<th>Poniedzia\u0142ek-Pi\u0105tek<\/th>\n<th>Weekendy, \u015bwi\u0119ta<\/th>\n<\/tr>\n<tr>\n<td><center>17.00 &#8211; 20.00<\/center><\/td>\n<td><center>15.00 &#8211; 20.00<\/center><\/td>\n<\/tr>\n<\/tbody>\n<\/table>\n<center><i>Godziny mog\u0105 ulega\u0107 zmianie w kolejnych okresach.<\/i><\/center>\n\n<p><center>\nTrenerem \u015brodowiskowym nadzoruj\u0105cym korzystanie z kompleksu boisk jest pan <b>Marcin Zakrzewski<\/b><\/center><\/p>\n\n<hr class=\"wp-block-separator has-alpha-channel-opacity\" \/>\t\t\t\t\t\t<\/div>\n\t\t\t\t<\/div>\n\t\t\t\t\t<\/div>\n\t\t\t\t<\/div>\n\t\t\t\t\t<\/div>\n\t\t\t\t<\/div>\n\t\t\t\t<section class=\"elementor-section elementor-top-section elementor-element elementor-element-bfc9f70 elementor-section-stretched elementor-section-boxed elementor-section-height-default elementor-section-height-default\" data-id=\"bfc9f70\" data-element_type=\"section\" data-settings=\"{&quot;background_background&quot;:&quot;classic&quot;,&quot;stretch_section&quot;:&quot;section-stretched&quot;}\">\n\t\t\t\t\t\t<div class=\"elementor-container elementor-column-gap-default\">\n\t\t\t\t\t<div class=\"elementor-column elementor-col-100 elementor-top-column elementor-element elementor-element-e8d9540\" data-id=\"e8d9540\" data-element_type=\"column\">\n\t\t\t<div class=\"elementor-widget-wrap elementor-element-populated\">\n\t\t\t\t\t\t<div class=\"elementor-element elementor-element-adb80e8 the-title-center elementor-widget elementor-widget-sakola-head-title\" data-id=\"adb80e8\" data-element_type=\"widget\" data-widget_type=\"sakola-head-title.default\">\n\t\t\t\t<div class=\"elementor-widget-container\">\n\t\t\t\r\n<div class=\"head-title head-title-1 text-center bg-image clearfix\">\r\n\t<h2 class=\"the-title\">\r\n\t\tPrzydatne Linki\t<\/h2>\r\n\r\n\t<\/div>\r\n\t\t\t\t<\/div>\n\t\t\t\t<\/div>\n\t\t\t\t<div class=\"elementor-element elementor-element-c3089ea elementor-widget-divider--view-line elementor-widget elementor-widget-divider\" data-id=\"c3089ea\" data-element_type=\"widget\" data-widget_type=\"divider.default\">\n\t\t\t\t<div class=\"elementor-widget-container\">\n\t\t\t<style>\/*! elementor - v3.23.0 - 05-08-2024 *\/\n.elementor-widget-divider{--divider-border-style:none;--divider-border-width:1px;--divider-color:#0c0d0e;--divider-icon-size:20px;--divider-element-spacing:10px;--divider-pattern-height:24px;--divider-pattern-size:20px;--divider-pattern-url:none;--divider-pattern-repeat:repeat-x}.elementor-widget-divider .elementor-divider{display:flex}.elementor-widget-divider .elementor-divider__text{font-size:15px;line-height:1;max-width:95%}.elementor-widget-divider .elementor-divider__element{margin:0 var(--divider-element-spacing);flex-shrink:0}.elementor-widget-divider .elementor-icon{font-size:var(--divider-icon-size)}.elementor-widget-divider .elementor-divider-separator{display:flex;margin:0;direction:ltr}.elementor-widget-divider--view-line_icon .elementor-divider-separator,.elementor-widget-divider--view-line_text .elementor-divider-separator{align-items:center}.elementor-widget-divider--view-line_icon .elementor-divider-separator:after,.elementor-widget-divider--view-line_icon .elementor-divider-separator:before,.elementor-widget-divider--view-line_text .elementor-divider-separator:after,.elementor-widget-divider--view-line_text .elementor-divider-separator:before{display:block;content:\"\";border-block-end:0;flex-grow:1;border-block-start:var(--divider-border-width) var(--divider-border-style) var(--divider-color)}.elementor-widget-divider--element-align-left .elementor-divider .elementor-divider-separator>.elementor-divider__svg:first-of-type{flex-grow:0;flex-shrink:100}.elementor-widget-divider--element-align-left .elementor-divider-separator:before{content:none}.elementor-widget-divider--element-align-left .elementor-divider__element{margin-left:0}.elementor-widget-divider--element-align-right .elementor-divider .elementor-divider-separator>.elementor-divider__svg:last-of-type{flex-grow:0;flex-shrink:100}.elementor-widget-divider--element-align-right .elementor-divider-separator:after{content:none}.elementor-widget-divider--element-align-right .elementor-divider__element{margin-right:0}.elementor-widget-divider--element-align-start .elementor-divider .elementor-divider-separator>.elementor-divider__svg:first-of-type{flex-grow:0;flex-shrink:100}.elementor-widget-divider--element-align-start .elementor-divider-separator:before{content:none}.elementor-widget-divider--element-align-start .elementor-divider__element{margin-inline-start:0}.elementor-widget-divider--element-align-end .elementor-divider .elementor-divider-separator>.elementor-divider__svg:last-of-type{flex-grow:0;flex-shrink:100}.elementor-widget-divider--element-align-end .elementor-divider-separator:after{content:none}.elementor-widget-divider--element-align-end .elementor-divider__element{margin-inline-end:0}.elementor-widget-divider:not(.elementor-widget-divider--view-line_text):not(.elementor-widget-divider--view-line_icon) .elementor-divider-separator{border-block-start:var(--divider-border-width) var(--divider-border-style) var(--divider-color)}.elementor-widget-divider--separator-type-pattern{--divider-border-style:none}.elementor-widget-divider--separator-type-pattern.elementor-widget-divider--view-line .elementor-divider-separator,.elementor-widget-divider--separator-type-pattern:not(.elementor-widget-divider--view-line) .elementor-divider-separator:after,.elementor-widget-divider--separator-type-pattern:not(.elementor-widget-divider--view-line) .elementor-divider-separator:before,.elementor-widget-divider--separator-type-pattern:not([class*=elementor-widget-divider--view]) .elementor-divider-separator{width:100%;min-height:var(--divider-pattern-height);-webkit-mask-size:var(--divider-pattern-size) 100%;mask-size:var(--divider-pattern-size) 100%;-webkit-mask-repeat:var(--divider-pattern-repeat);mask-repeat:var(--divider-pattern-repeat);background-color:var(--divider-color);-webkit-mask-image:var(--divider-pattern-url);mask-image:var(--divider-pattern-url)}.elementor-widget-divider--no-spacing{--divider-pattern-size:auto}.elementor-widget-divider--bg-round{--divider-pattern-repeat:round}.rtl .elementor-widget-divider .elementor-divider__text{direction:rtl}.e-con-inner>.elementor-widget-divider,.e-con>.elementor-widget-divider{width:var(--container-widget-width,100%);--flex-grow:var(--container-widget-flex-grow)}<\/style>\t\t<div class=\"elementor-divider\">\n\t\t\t<span class=\"elementor-divider-separator\">\n\t\t\t\t\t\t<\/span>\n\t\t<\/div>\n\t\t\t\t<\/div>\n\t\t\t\t<\/div>\n\t\t\t\t<div class=\"elementor-element elementor-element-de97f60 elementor-align-center elementor-mobile-align-center elementor-tablet-align-center elementor-widget__width-initial elementor-invisible elementor-widget elementor-widget-button\" data-id=\"de97f60\" data-element_type=\"widget\" data-settings=\"{&quot;_animation&quot;:&quot;fadeIn&quot;}\" data-widget_type=\"button.default\">\n\t\t\t\t<div class=\"elementor-widget-container\">\n\t\t\t\t\t<div class=\"elementor-button-wrapper\">\n\t\t\t<a class=\"elementor-button elementor-button-link elementor-size-md elementor-animation-sink\" href=\"http:\/\/plan.lo2nowogard.edu.pl\">\n\t\t\t\t\t\t<span class=\"elementor-button-content-wrapper\">\n\t\t\t\t\t\t\t\t\t<span class=\"elementor-button-text\">Plan lekcji<\/span>\n\t\t\t\t\t<\/span>\n\t\t\t\t\t<\/a>\n\t\t<\/div>\n\t\t\t\t<\/div>\n\t\t\t\t<\/div>\n\t\t\t\t<div class=\"elementor-element elementor-element-b22e214 elementor-align-center elementor-mobile-align-center elementor-tablet-align-center elementor-widget__width-initial elementor-invisible elementor-widget elementor-widget-button\" data-id=\"b22e214\" data-element_type=\"widget\" data-settings=\"{&quot;_animation&quot;:&quot;fadeIn&quot;}\" data-widget_type=\"button.default\">\n\t\t\t\t<div class=\"elementor-widget-container\">\n\t\t\t\t\t<div class=\"elementor-button-wrapper\">\n\t\t\t<a class=\"elementor-button elementor-button-link elementor-size-md elementor-animation-sink\" href=\"https:\/\/uonetplus.vulcan.net.pl\/nowogard\/\">\n\t\t\t\t\t\t<span class=\"elementor-button-content-wrapper\">\n\t\t\t\t\t\t\t\t\t<span class=\"elementor-button-text\">E - Dziennik<\/span>\n\t\t\t\t\t<\/span>\n\t\t\t\t\t<\/a>\n\t\t<\/div>\n\t\t\t\t<\/div>\n\t\t\t\t<\/div>\n\t\t\t\t<div class=\"elementor-element elementor-element-d1ee1cd elementor-align-center elementor-mobile-align-center elementor-tablet-align-center elementor-widget__width-initial elementor-invisible elementor-widget elementor-widget-button\" data-id=\"d1ee1cd\" data-element_type=\"widget\" data-settings=\"{&quot;_animation&quot;:&quot;fadeIn&quot;}\" data-widget_type=\"button.default\">\n\t\t\t\t<div class=\"elementor-widget-container\">\n\t\t\t\t\t<div class=\"elementor-button-wrapper\">\n\t\t\t<a class=\"elementor-button elementor-button-link elementor-size-md elementor-animation-sink\" href=\"https:\/\/login.microsoftonline.com\/?whr=lo2nowogard.edu.pl\">\n\t\t\t\t\t\t<span class=\"elementor-button-content-wrapper\">\n\t\t\t\t\t\t\t\t\t<span class=\"elementor-button-text\">Logowanie Poczta<\/span>\n\t\t\t\t\t<\/span>\n\t\t\t\t\t<\/a>\n\t\t<\/div>\n\t\t\t\t<\/div>\n\t\t\t\t<\/div>\n\t\t\t\t\t<\/div>\n\t\t<\/div>\n\t\t\t\t\t<\/div>\n\t\t<\/section>\n\t\t\t\t<section class=\"elementor-section elementor-top-section elementor-element elementor-element-e6bb1d3 elementor-section-stretched elementor-section-boxed elementor-section-height-default elementor-section-height-default\" data-id=\"e6bb1d3\" data-element_type=\"section\" data-settings=\"{&quot;background_background&quot;:&quot;classic&quot;,&quot;stretch_section&quot;:&quot;section-stretched&quot;}\">\n\t\t\t\t\t\t<div class=\"elementor-container elementor-column-gap-default\">\n\t\t\t\t\t<div class=\"elementor-column elementor-col-100 elementor-top-column elementor-element elementor-element-930aa26\" data-id=\"930aa26\" data-element_type=\"column\">\n\t\t\t<div class=\"elementor-widget-wrap elementor-element-populated\">\n\t\t\t\t\t\t<div class=\"elementor-element elementor-element-02918ca the-title-center the-title-left elementor-invisible elementor-widget elementor-widget-sakola-head-title\" data-id=\"02918ca\" data-element_type=\"widget\" data-settings=\"{&quot;_animation&quot;:&quot;fadeInDown&quot;}\" data-widget_type=\"sakola-head-title.default\">\n\t\t\t\t<div class=\"elementor-widget-container\">\n\t\t\t<div class=\"head-title head-title-2 text-center clearfix\">\r\n\t<h2 class=\"the-title\">\r\n\t\t\t\tPozosta\u0142e Linki\t<\/h2>\r\n<\/div>\r\n\t\t\t\t<\/div>\n\t\t\t\t<\/div>\n\t\t\t\t<div class=\"elementor-element elementor-element-a010fe9 elementor-widget-divider--view-line elementor-invisible elementor-widget elementor-widget-divider\" data-id=\"a010fe9\" data-element_type=\"widget\" data-settings=\"{&quot;_animation&quot;:&quot;fadeInUp&quot;}\" data-widget_type=\"divider.default\">\n\t\t\t\t<div class=\"elementor-widget-container\">\n\t\t\t\t\t<div class=\"elementor-divider\">\n\t\t\t<span class=\"elementor-divider-separator\">\n\t\t\t\t\t\t<\/span>\n\t\t<\/div>\n\t\t\t\t<\/div>\n\t\t\t\t<\/div>\n\t\t\t\t<div class=\"elementor-element elementor-element-ab3a84b elementor-widget__width-inherit elementor-widget elementor-widget-wp-widget-nav_menu\" data-id=\"ab3a84b\" data-element_type=\"widget\" data-widget_type=\"wp-widget-nav_menu.default\">\n\t\t\t\t<div class=\"elementor-widget-container\">\n\t\t\t<div class=\"menu-dodatkowe-odnosniki-container\"><ul id=\"menu-dodatkowe-odnosniki\" class=\"menu\"><li id=\"menu-item-5572\" class=\"menu-item menu-item-type-custom menu-item-object-custom menu-item-home menu-item-5572\"><a class=\"menu__link\" href=\"https:\/\/lo2nowogard.edu.pl\/\">II Liceum<\/a><\/li>\n<li id=\"menu-item-5568\" class=\"menu-item menu-item-type-post_type menu-item-object-page menu-item-has-children menu-item-5568\"><a class=\"menu__link\" href=\"https:\/\/lo2nowogard.edu.pl\/index.php\/news\/\">Z \u017cycia szko\u0142y!<\/a>\n<ul class=\"sub-menu\">\n\t<li id=\"menu-item-5557\" class=\"menu-item menu-item-type-post_type menu-item-object-page menu-item-5557\"><a class=\"menu__link\" href=\"https:\/\/lo2nowogard.edu.pl\/index.php\/wazne-terminy\/\">Wa\u017cne terminy<\/a><\/li>\n\t<li id=\"menu-item-5558\" class=\"menu-item menu-item-type-post_type menu-item-object-page menu-item-5558\"><a class=\"menu__link\" href=\"https:\/\/lo2nowogard.edu.pl\/index.php\/terminy-zebran-z-rodzicami\/\">Terminy zebra\u0144 z rodzicami<\/a><\/li>\n\t<li id=\"menu-item-5565\" class=\"menu-item menu-item-type-post_type menu-item-object-page menu-item-5565\"><a class=\"menu__link\" href=\"https:\/\/lo2nowogard.edu.pl\/index.php\/podreczniki\/\">Podr\u0119czniki<\/a><\/li>\n\t<li id=\"menu-item-5567\" class=\"menu-item menu-item-type-post_type menu-item-object-page menu-item-5567\"><a class=\"menu__link\" href=\"https:\/\/lo2nowogard.edu.pl\/index.php\/e-szkola\/\">e-Szko\u0142a<\/a><\/li>\n\t<li id=\"menu-item-5570\" class=\"menu-item menu-item-type-post_type menu-item-object-page menu-item-5570\"><a class=\"menu__link\" href=\"https:\/\/lo2nowogard.edu.pl\/index.php\/czytelnia-i-biblioteka\/\">Czytelnia i biblioteka<\/a><\/li>\n\t<li id=\"menu-item-5566\" class=\"menu-item menu-item-type-post_type menu-item-object-page menu-item-5566\"><a class=\"menu__link\" href=\"https:\/\/lo2nowogard.edu.pl\/index.php\/ranking-szkol\/\">Ranking Szk\u00f3\u0142<\/a><\/li>\n\t<li id=\"menu-item-5564\" class=\"menu-item menu-item-type-custom menu-item-object-custom menu-item-5564\"><a class=\"menu__link\" href=\"https:\/\/lo2nowogard.edu.pl\/wp-content\/uploads\/2023\/11\/Rok_22_23_link.pdf\">Rok szkolny 2022\/23<\/a><\/li>\n\t<li id=\"menu-item-5562\" class=\"menu-item menu-item-type-custom menu-item-object-custom menu-item-5562\"><a class=\"menu__link\" href=\"https:\/\/lo2nowogard.edu.pl\/wp-content\/uploads\/2025\/11\/Rok_2023_24.pdf\">Rok szkolny 2023\/24<\/a><\/li>\n\t<li id=\"menu-item-5563\" class=\"menu-item menu-item-type-custom menu-item-object-custom menu-item-5563\"><a class=\"menu__link\" href=\"https:\/\/lo2nowogard.edu.pl\/wp-content\/uploads\/2025\/11\/Rok_2024_25.pdf\">Rok szkolny 2024\/25<\/a><\/li>\n<\/ul>\n<\/li>\n<li id=\"menu-item-5556\" class=\"menu-item menu-item-type-post_type menu-item-object-page menu-item-5556\"><a class=\"menu__link\" href=\"https:\/\/lo2nowogard.edu.pl\/index.php\/about\/\">Dokumenty<\/a><\/li>\n<li id=\"menu-item-6322\" class=\"menu-item menu-item-type-post_type menu-item-object-page menu-item-6322\"><a class=\"menu__link\" href=\"https:\/\/lo2nowogard.edu.pl\/index.php\/rekrutacja-2024\/\">Rekrutacja 2026<\/a><\/li>\n<li id=\"menu-item-5553\" class=\"menu-item menu-item-type-post_type menu-item-object-page menu-item-5553\"><a class=\"menu__link\" href=\"https:\/\/lo2nowogard.edu.pl\/index.php\/rodo\/\">RODO<\/a><\/li>\n<li id=\"menu-item-5571\" class=\"menu-item menu-item-type-post_type menu-item-object-page menu-item-5571\"><a class=\"menu__link\" href=\"https:\/\/lo2nowogard.edu.pl\/index.php\/orlik\/\">Orlik<\/a><\/li>\n<li id=\"menu-item-5569\" class=\"menu-item menu-item-type-post_type menu-item-object-page menu-item-5569\"><a class=\"menu__link\" href=\"https:\/\/lo2nowogard.edu.pl\/index.php\/sample-page\/\">Wsp\u00f3\u0142praca<\/a><\/li>\n<li id=\"menu-item-5555\" class=\"menu-item menu-item-type-post_type menu-item-object-page menu-item-5555\"><a class=\"menu__link\" href=\"https:\/\/lo2nowogard.edu.pl\/index.php\/na-stronie-unity-line\/\">Na stronie Unity Line<\/a><\/li>\n<li id=\"menu-item-5554\" class=\"menu-item menu-item-type-post_type menu-item-object-page menu-item-5554\"><a class=\"menu__link\" href=\"https:\/\/lo2nowogard.edu.pl\/index.php\/contact\/\">Kontakt<\/a><\/li>\n<\/ul><\/div>\t\t<\/div>\n\t\t\t\t<\/div>\n\t\t\t\t\t<\/div>\n\t\t<\/div>\n\t\t\t\t\t<\/div>\n\t\t<\/section>\n\t\t\t\t<\/div>\n\t\t","protected":false},"excerpt":{"rendered":"<p>Boisko \u2013 regulamin\u00a0 \u00a0\u00a0Bie\u017cnia \u2013 regulamin \u00a0\u00a0Bia\u0142y Orlik \u2013 regulamin Godziny otwarcia \u201eBia\u0142ego Orlika\u201d (lodowiska) w Nowogardzie od 1 marca 2026. Poniedzia\u0142ek-Pi\u0105tek Weekendy, \u015bwi\u0119ta 17.00 &#8211; 20.00 15.00 &#8211; 20.00 Godziny mog\u0105 ulega\u0107 zmianie w kolejnych okresach. Trenerem \u015brodowiskowym nadzoruj\u0105cym&#8230;<\/p>\n","protected":false},"author":1,"featured_media":0,"parent":0,"menu_order":0,"comment_status":"closed","ping_status":"closed","template":"","meta":{"footnotes":""},"class_list":["post-10","page","type-page","status-publish","hentry"],"acf":[],"_links":{"self":[{"href":"https:\/\/lo2nowogard.edu.pl\/index.php\/wp-json\/wp\/v2\/pages\/10","targetHints":{"allow":["GET"]}}],"collection":[{"href":"https:\/\/lo2nowogard.edu.pl\/index.php\/wp-json\/wp\/v2\/pages"}],"about":[{"href":"https:\/\/lo2nowogard.edu.pl\/index.php\/wp-json\/wp\/v2\/types\/page"}],"author":[{"embeddable":true,"href":"https:\/\/lo2nowogard.edu.pl\/index.php\/wp-json\/wp\/v2\/users\/1"}],"replies":[{"embeddable":true,"href":"https:\/\/lo2nowogard.edu.pl\/index.php\/wp-json\/wp\/v2\/comments?post=10"}],"version-history":[{"count":372,"href":"https:\/\/lo2nowogard.edu.pl\/index.php\/wp-json\/wp\/v2\/pages\/10\/revisions"}],"predecessor-version":[{"id":6056,"href":"https:\/\/lo2nowogard.edu.pl\/index.php\/wp-json\/wp\/v2\/pages\/10\/revisions\/6056"}],"wp:attachment":[{"href":"https:\/\/lo2nowogard.edu.pl\/index.php\/wp-json\/wp\/v2\/media?parent=10"}],"curies":[{"name":"wp","href":"https:\/\/api.w.org\/{rel}","templated":true}]}}